{"id":10775,"date":"2025-06-04T20:35:07","date_gmt":"2025-06-04T18:35:07","guid":{"rendered":"https:\/\/verbaspark.com\/si\/?page_id=10775"},"modified":"2025-10-09T15:53:32","modified_gmt":"2025-10-09T13:53:32","slug":"piskotki","status":"publish","type":"page","link":"https:\/\/verbaspark.com\/si\/piskotki\/","title":{"rendered":"Pi\u0161kotki"},"content":{"rendered":"\t\t<div data-elementor-type=\"wp-page\" data-elementor-id=\"10775\" class=\"elementor elementor-10775\" data-elementor-settings=\"{&quot;element_pack_global_tooltip_width&quot;:{&quot;unit&quot;:&quot;px&quot;,&quot;size&quot;:&quot;&quot;,&quot;sizes&quot;:[]},&quot;element_pack_global_tooltip_width_tablet&quot;:{&quot;unit&quot;:&quot;px&quot;,&quot;size&quot;:&quot;&quot;,&quot;sizes&quot;:[]},&quot;element_pack_global_tooltip_width_mobile&quot;:{&quot;unit&quot;:&quot;px&quot;,&quot;size&quot;:&quot;&quot;,&quot;sizes&quot;:[]},&quot;element_pack_global_tooltip_padding&quot;:{&quot;unit&quot;:&quot;px&quot;,&quot;top&quot;:&quot;&quot;,&quot;right&quot;:&quot;&quot;,&quot;bottom&quot;:&quot;&quot;,&quot;left&quot;:&quot;&quot;,&quot;isLinked&quot;:true},&quot;element_pack_global_tooltip_padding_tablet&quot;:{&quot;unit&quot;:&quot;px&quot;,&quot;top&quot;:&quot;&quot;,&quot;right&quot;:&quot;&quot;,&quot;bottom&quot;:&quot;&quot;,&quot;left&quot;:&quot;&quot;,&quot;isLinked&quot;:true},&quot;element_pack_global_tooltip_padding_mobile&quot;:{&quot;unit&quot;:&quot;px&quot;,&quot;top&quot;:&quot;&quot;,&quot;right&quot;:&quot;&quot;,&quot;bottom&quot;:&quot;&quot;,&quot;left&quot;:&quot;&quot;,&quot;isLinked&quot;:true},&quot;element_pack_global_tooltip_border_radius&quot;:{&quot;unit&quot;:&quot;px&quot;,&quot;top&quot;:&quot;&quot;,&quot;right&quot;:&quot;&quot;,&quot;bottom&quot;:&quot;&quot;,&quot;left&quot;:&quot;&quot;,&quot;isLinked&quot;:true},&quot;element_pack_global_tooltip_border_radius_tablet&quot;:{&quot;unit&quot;:&quot;px&quot;,&quot;top&quot;:&quot;&quot;,&quot;right&quot;:&quot;&quot;,&quot;bottom&quot;:&quot;&quot;,&quot;left&quot;:&quot;&quot;,&quot;isLinked&quot;:true},&quot;element_pack_global_tooltip_border_radius_mobile&quot;:{&quot;unit&quot;:&quot;px&quot;,&quot;top&quot;:&quot;&quot;,&quot;right&quot;:&quot;&quot;,&quot;bottom&quot;:&quot;&quot;,&quot;left&quot;:&quot;&quot;,&quot;isLinked&quot;:true}}\" data-elementor-post-type=\"page\">\n\t\t\t\t<div class=\"elementor-element elementor-element-e62aec5 e-flex e-con-boxed e-con e-parent\" data-id=\"e62aec5\" data-element_type=\"container\">\n\t\t\t\t\t<div class=\"e-con-inner\">\n\t\t\t\t<div class=\"elementor-element elementor-element-1163afe elementor-widget elementor-widget-heading\" data-id=\"1163afe\" data-element_type=\"widget\" data-widget_type=\"heading.default\">\n\t\t\t\t\t<h2 class=\"elementor-heading-title elementor-size-default\">\ud83c\udf6a O pi\u0161kotkih<\/h2>\t\t\t\t<\/div>\n\t\t\t\t<div class=\"elementor-element elementor-element-d03a91e elementor-widget elementor-widget-text-editor\" data-id=\"d03a91e\" data-element_type=\"widget\" data-widget_type=\"text-editor.default\">\n\t\t\t\t\t\t\t\t\t<p><b>Zadnja posodobitev:<\/b> 1. 6. 2025<\/p><p>To spletno mesto uporablja pi\u0161kotke za izbolj\u0161anje uporabni\u0161ke izku\u0161nje, analizo prometa in omogo\u010danje dolo\u010denih bistvenih funkcij. <b>Pi\u0161kotki so majhne besedilne datoteke<\/b>, ki se shranijo v va\u0161o napravo, ko obi\u0161\u010dete na\u0161e spletno mesto.<\/p><hr \/><p>\u00a0<\/p><h3><b>Vrste pi\u0161kotkov, ki jih uporabljamo:<\/b><\/h3><p>\u00a0<\/p><div class=\"horizontal-scroll-wrapper\"><div class=\"table-block-component\"><div class=\"table-block\"><div class=\"table-content not-end-of-paragraph\" data-hveid=\"0\" data-ved=\"0CAAQ3ecQahgKEwiTp8SOoJeQAxUAAAAAHQAAAAAQjAE\"><table><thead><tr><td>Ime<\/td><td>Namen<\/td><\/tr><\/thead><tbody><tr><td><b>Bistveni pi\u0161kotki<\/b><\/td><td>Ti pi\u0161kotki so <b>nujni<\/b> za osnovno delovanje spletnega mesta. Omogo\u010dajo vam prijavo, oddajo obrazcev in dostop do varnih obmo\u010dij.<\/td><\/tr><tr><td><b>Analiti\u010dni pi\u0161kotki<\/b><\/td><td>Uporabljamo jih za razumevanje, kako obiskovalci komunicirajo z na\u0161im spletnim mestom, da lahko izbolj\u0161amo delovanje in uporabnost. <b>Primer:<\/b> Google Analytics.<\/td><\/tr><tr><td><b>Funkcionalni pi\u0161kotki<\/b><\/td><td>Omogo\u010dajo bolj <b>personalizirane funkcije<\/b>, kot je shranjevanje va\u0161ih jezikovnih preferenc ali nastavitev zaslona.<\/td><\/tr><tr><td><b>Tr\u017eenjski pi\u0161kotki<\/b><\/td><td>Uporabljajo se za prikazovanje <b>prilagojenih oglasov<\/b> in merjenje u\u010dinkovitosti ogla\u0161evanja. <b>Primeri:<\/b> Facebook Pixel in Google Ads.<\/td><\/tr><\/tbody><\/table><\/div><\/div><\/div><\/div><hr \/><p>\u00a0<\/p><h3><b>Upravljanje pi\u0161kotkov<\/b><\/h3><p>\u00a0<\/p><p>Ob va\u0161em prvem obisku bomo <b>za uporabo pi\u0161kotkov zaprosili za va\u0161e soglasje<\/b>. Svoje soglasje lahko kadar koli spremenite ali prekli\u010dete prek nastavitev brskalnika ali na\u0161ega Orodja za upravljanje pi\u0161kotkov.<\/p><p>Za podrobnej\u0161e informacije o tem, kako uporabljamo pi\u0161kotke in kako jih lahko upravljate, glejte na\u0161a <b>Pravila zasebnosti<\/b>.<\/p>\t\t\t\t\t\t\t\t<\/div>\n\t\t\t\t\t<\/div>\n\t\t\t\t<\/div>\n\t\t\t\t<\/div>\n\t\t","protected":false},"excerpt":{"rendered":"<p>\ud83c\udf6a O pi\u0161kotkih Zadnja posodobitev: 1. 6. 2025 To spletno mesto uporablja pi\u0161kotke za izbolj\u0161anje uporabni\u0161ke izku\u0161nje, analizo prometa in omogo\u010danje dolo\u010denih bistvenih funkcij. Pi\u0161kotki so majhne besedilne datoteke, ki se shranijo v va\u0161o napravo, ko obi\u0161\u010dete na\u0161e spletno mesto. \u00a0 Vrste pi\u0161kotkov, ki jih uporabljamo: \u00a0 Ime Namen Bistveni pi\u0161kotki Ti pi\u0161kotki so nujni [&hellip;]<\/p>\n","protected":false},"author":3,"featured_media":0,"parent":0,"menu_order":0,"comment_status":"closed","ping_status":"closed","template":"","meta":{"footnotes":""},"class_list":["post-10775","page","type-page","status-publish","hentry"],"_links":{"self":[{"href":"https:\/\/verbaspark.com\/si\/wp-json\/wp\/v2\/pages\/10775","targetHints":{"allow":["GET"]}}],"collection":[{"href":"https:\/\/verbaspark.com\/si\/wp-json\/wp\/v2\/pages"}],"about":[{"href":"https:\/\/verbaspark.com\/si\/wp-json\/wp\/v2\/types\/page"}],"author":[{"embeddable":true,"href":"https:\/\/verbaspark.com\/si\/wp-json\/wp\/v2\/users\/3"}],"replies":[{"embeddable":true,"href":"https:\/\/verbaspark.com\/si\/wp-json\/wp\/v2\/comments?post=10775"}],"version-history":[{"count":0,"href":"https:\/\/verbaspark.com\/si\/wp-json\/wp\/v2\/pages\/10775\/revisions"}],"wp:attachment":[{"href":"https:\/\/verbaspark.com\/si\/wp-json\/wp\/v2\/media?parent=10775"}],"curies":[{"name":"wp","href":"https:\/\/api.w.org\/{rel}","templated":true}]}}