{"id":2621,"date":"2024-11-08T21:57:15","date_gmt":"2024-11-08T21:57:15","guid":{"rendered":"https:\/\/verbaspark.com\/si\/?page_id=2621"},"modified":"2025-10-12T10:24:41","modified_gmt":"2025-10-12T08:24:41","slug":"nacrt-razvoja","status":"publish","type":"page","link":"https:\/\/verbaspark.com\/si\/nacrt-razvoja\/","title":{"rendered":"Na\u010drt razvoja"},"content":{"rendered":"\t\t<div data-elementor-type=\"wp-page\" data-elementor-id=\"2621\" class=\"elementor elementor-2621\" data-elementor-settings=\"{&quot;element_pack_global_tooltip_width&quot;:{&quot;unit&quot;:&quot;px&quot;,&quot;size&quot;:&quot;&quot;,&quot;sizes&quot;:[]},&quot;element_pack_global_tooltip_width_tablet&quot;:{&quot;unit&quot;:&quot;px&quot;,&quot;size&quot;:&quot;&quot;,&quot;sizes&quot;:[]},&quot;element_pack_global_tooltip_width_mobile&quot;:{&quot;unit&quot;:&quot;px&quot;,&quot;size&quot;:&quot;&quot;,&quot;sizes&quot;:[]},&quot;element_pack_global_tooltip_padding&quot;:{&quot;unit&quot;:&quot;px&quot;,&quot;top&quot;:&quot;&quot;,&quot;right&quot;:&quot;&quot;,&quot;bottom&quot;:&quot;&quot;,&quot;left&quot;:&quot;&quot;,&quot;isLinked&quot;:true},&quot;element_pack_global_tooltip_padding_tablet&quot;:{&quot;unit&quot;:&quot;px&quot;,&quot;top&quot;:&quot;&quot;,&quot;right&quot;:&quot;&quot;,&quot;bottom&quot;:&quot;&quot;,&quot;left&quot;:&quot;&quot;,&quot;isLinked&quot;:true},&quot;element_pack_global_tooltip_padding_mobile&quot;:{&quot;unit&quot;:&quot;px&quot;,&quot;top&quot;:&quot;&quot;,&quot;right&quot;:&quot;&quot;,&quot;bottom&quot;:&quot;&quot;,&quot;left&quot;:&quot;&quot;,&quot;isLinked&quot;:true},&quot;element_pack_global_tooltip_border_radius&quot;:{&quot;unit&quot;:&quot;px&quot;,&quot;top&quot;:&quot;&quot;,&quot;right&quot;:&quot;&quot;,&quot;bottom&quot;:&quot;&quot;,&quot;left&quot;:&quot;&quot;,&quot;isLinked&quot;:true},&quot;element_pack_global_tooltip_border_radius_tablet&quot;:{&quot;unit&quot;:&quot;px&quot;,&quot;top&quot;:&quot;&quot;,&quot;right&quot;:&quot;&quot;,&quot;bottom&quot;:&quot;&quot;,&quot;left&quot;:&quot;&quot;,&quot;isLinked&quot;:true},&quot;element_pack_global_tooltip_border_radius_mobile&quot;:{&quot;unit&quot;:&quot;px&quot;,&quot;top&quot;:&quot;&quot;,&quot;right&quot;:&quot;&quot;,&quot;bottom&quot;:&quot;&quot;,&quot;left&quot;:&quot;&quot;,&quot;isLinked&quot;:true}}\" data-elementor-post-type=\"page\">\n\t\t\t\t<div class=\"elementor-element elementor-element-7030092 e-flex e-con-boxed e-con e-parent\" data-id=\"7030092\" data-element_type=\"container\">\n\t\t\t\t\t<div class=\"e-con-inner\">\n\t\t<div class=\"elementor-element elementor-element-6ec2f50 e-con-full e-flex e-con e-child\" data-id=\"6ec2f50\" data-element_type=\"container\">\n\t\t\t\t<div class=\"elementor-element elementor-element-1077b9f elementor-widget elementor-widget-heading\" data-id=\"1077b9f\" data-element_type=\"widget\" data-widget_type=\"heading.default\">\n\t\t\t\t\t<h2 class=\"elementor-heading-title elementor-size-default\">Na\u010drt razvoja Verbaspark \u2013 prihodnost platforme in novosti<\/h2>\t\t\t\t<\/div>\n\t\t\t\t<div class=\"elementor-element elementor-element-55038c4 elementor-widget elementor-widget-heading\" data-id=\"55038c4\" data-element_type=\"widget\" data-widget_type=\"heading.default\">\n\t\t\t\t\t<h2 class=\"elementor-heading-title elementor-size-default\">\ud83d\uddfa\ufe0f Pogled v prihodnost: Sledimo jasni viziji<\/h2>\t\t\t\t<\/div>\n\t\t\t\t<div class=\"elementor-element elementor-element-df92c99 elementor-widget elementor-widget-text-editor\" data-id=\"df92c99\" data-element_type=\"widget\" data-widget_type=\"text-editor.default\">\n\t\t\t\t\t\t\t\t\tVerbaspark se nenehno razvija\n<br>\nNa\u0161 cilj je ponuditi najbolj\u0161o re\u0161itev za digitalno predstavitev posameznikov, freelancerjev in malih podjetij \u2014 v Sloveniji, na Hrva\u0161kem in \u0161ir\u0161e po regiji.\t\t\t\t\t\t\t\t<\/div>\n\t\t\t\t<\/div>\n\t\t<div class=\"elementor-element elementor-element-c18799c e-con-full e-flex e-con e-child\" data-id=\"c18799c\" data-element_type=\"container\">\n\t\t\t\t<div class=\"elementor-element elementor-element-8078db7 elementor-widget elementor-widget-heading\" data-id=\"8078db7\" data-element_type=\"widget\" data-widget_type=\"heading.default\">\n\t\t\t\t\t<h2 class=\"elementor-heading-title elementor-size-default\">\ud83d\ude80 Kaj sledi:<\/h2>\t\t\t\t<\/div>\n\t\t\t\t<div class=\"elementor-element elementor-element-fbb43eb elementor-widget elementor-widget-text-editor\" data-id=\"fbb43eb\" data-element_type=\"widget\" data-widget_type=\"text-editor.default\">\n\t\t\t\t\t\t\t\t\t<p>\ud83d\udd27 <strong>Verbaspark \u2013 nove funkcionalnosti, ki jih uvajamo za bolj\u0161o uporabni\u0161ko izku\u0161njo<\/strong><\/p><p>Platforma Verbaspark se razvija z jasnim ciljem: ponuditi sodobna, varna in u\u010dinkovita orodja za digitalno predstavitev in prodajo. Tukaj je pregled klju\u010dnih nadgradenj, ki jih uvajamo:<\/p><p>\u00a0<\/p>\t\t\t\t\t\t\t\t<\/div>\n\t\t\t\t<div class=\"elementor-element elementor-element-3a27fae elementor-widget elementor-widget-text-editor\" data-id=\"3a27fae\" data-element_type=\"widget\" data-widget_type=\"text-editor.default\">\n\t\t\t\t\t\t\t\t\t<ul><li><p>\ud83d\udecd\ufe0f Shop modul za prodajo izdelkov in storitev<\/p><\/li><li><p>\ud83d\udcc4 Napredna sekcija CV-ja z mo\u017enostjo PDF izvoza<\/p><\/li><li><p>\ud83d\udcca Statistika ogledov, klikov in odzivov<\/p><\/li><li><p>\ud83c\udf0d Ve\u010djezi\u010dna podpora (sloven\u0161\u010dina, hrva\u0161\u010dina, angle\u0161\u010dina)<\/p><\/li><li><p>\ud83d\udd10 reCAPTCHA za\u0161\u010dita na obrazcih<\/p><\/li><li><p>\ud83d\udd17 SEO optimizacija + deljenje prek QR kode<\/p><\/li><li><p>\ud83d\udd11 Prijava z Google in Facebook ra\u010dunom<\/p><\/li><\/ul>\t\t\t\t\t\t\t\t<\/div>\n\t\t\t\t<\/div>\n\t\t<div class=\"elementor-element elementor-element-714d7f4 e-con-full e-flex e-con e-child\" data-id=\"714d7f4\" data-element_type=\"container\">\n\t\t<div class=\"elementor-element elementor-element-cb28e08 e-con-full e-flex e-con e-child\" data-id=\"cb28e08\" data-element_type=\"container\" data-settings=\"{&quot;background_background&quot;:&quot;classic&quot;}\">\n\t\t<div class=\"elementor-element elementor-element-64bc968 e-con-full e-flex e-con e-child\" data-id=\"64bc968\" data-element_type=\"container\">\n\t\t\t\t<div class=\"elementor-element elementor-element-62ca5f0 elementor-widget__width-auto elementor-widget elementor-widget-heading\" data-id=\"62ca5f0\" data-element_type=\"widget\" data-widget_type=\"heading.default\">\n\t\t\t\t\t<h2 class=\"elementor-heading-title elementor-size-default\">\ud83d\udce2 Pridru\u017eite se Verbasparku \u017ee danes!<\/h2>\t\t\t\t<\/div>\n\t\t\t\t<div class=\"elementor-element elementor-element-9d2219c elementor-widget__width-auto elementor-widget elementor-widget-text-editor\" data-id=\"9d2219c\" data-element_type=\"widget\" data-widget_type=\"text-editor.default\">\n\t\t\t\t\t\t\t\t\t<p>\u017delite biti med prvimi, ki bodo preizkusili nove funkcije?<\/p>\t\t\t\t\t\t\t\t<\/div>\n\t\t\t\t<div class=\"elementor-element elementor-element-b7b2e98 elementor-widget elementor-widget-text-editor\" data-id=\"b7b2e98\" data-element_type=\"widget\" data-widget_type=\"text-editor.default\">\n\t\t\t\t\t\t\t\t\t<p>\ud83d\udc49 <strong>Registrirajte se in postanite del skupnosti, ki soustvarja prihodnost digitalnih vizitk<\/strong><\/p>\t\t\t\t\t\t\t\t<\/div>\n\t\t\t\t<\/div>\n\t\t\t\t<div class=\"elementor-element elementor-element-3a29a91 elementor-align-left elementor-widget elementor-widget-button\" data-id=\"3a29a91\" data-element_type=\"widget\" data-widget_type=\"button.default\">\n\t\t\t\t\t\t\t\t\t\t<a class=\"elementor-button elementor-button-link elementor-size-sm\" href=\"https:\/\/verbaspark.com\/si\/subscriber-pricing\/\">\n\t\t\t\t\t\t<span class=\"elementor-button-content-wrapper\">\n\t\t\t\t\t\t<span class=\"elementor-button-icon\">\n\t\t\t\t<i aria-hidden=\"true\" class=\"fas fa-user-edit\"><\/i>\t\t\t<\/span>\n\t\t\t\t\t\t\t\t\t<span class=\"elementor-button-text\">Nadgradite svoj paket<\/span>\n\t\t\t\t\t<\/span>\n\t\t\t\t\t<\/a>\n\t\t\t\t\t\t\t\t<\/div>\n\t\t\t\t<\/div>\n\t\t\t\t<\/div>\n\t\t\t\t\t<\/div>\n\t\t\t\t<\/div>\n\t\t\t\t<\/div>\n\t\t","protected":false},"excerpt":{"rendered":"<p>Na\u010drt razvoja Verbaspark \u2013 prihodnost platforme in novosti \ud83d\uddfa\ufe0f Pogled v prihodnost: Sledimo jasni viziji Verbaspark se nenehno razvija Na\u0161 cilj je ponuditi najbolj\u0161o re\u0161itev za digitalno predstavitev posameznikov, freelancerjev in malih podjetij \u2014 v Sloveniji, na Hrva\u0161kem in \u0161ir\u0161e po regiji. \ud83d\ude80 Kaj sledi: \ud83d\udd27 Verbaspark \u2013 nove funkcionalnosti, ki jih uvajamo za bolj\u0161o [&hellip;]<\/p>\n","protected":false},"author":3,"featured_media":0,"parent":0,"menu_order":0,"comment_status":"closed","ping_status":"closed","template":"","meta":{"footnotes":""},"class_list":["post-2621","page","type-page","status-publish","hentry"],"_links":{"self":[{"href":"https:\/\/verbaspark.com\/si\/wp-json\/wp\/v2\/pages\/2621","targetHints":{"allow":["GET"]}}],"collection":[{"href":"https:\/\/verbaspark.com\/si\/wp-json\/wp\/v2\/pages"}],"about":[{"href":"https:\/\/verbaspark.com\/si\/wp-json\/wp\/v2\/types\/page"}],"author":[{"embeddable":true,"href":"https:\/\/verbaspark.com\/si\/wp-json\/wp\/v2\/users\/3"}],"replies":[{"embeddable":true,"href":"https:\/\/verbaspark.com\/si\/wp-json\/wp\/v2\/comments?post=2621"}],"version-history":[{"count":0,"href":"https:\/\/verbaspark.com\/si\/wp-json\/wp\/v2\/pages\/2621\/revisions"}],"wp:attachment":[{"href":"https:\/\/verbaspark.com\/si\/wp-json\/wp\/v2\/media?parent=2621"}],"curies":[{"name":"wp","href":"https:\/\/api.w.org\/{rel}","templated":true}]}}